{"id":603,"date":"2018-07-25T12:19:18","date_gmt":"2018-07-25T12:19:18","guid":{"rendered":"http:\/\/www.profiltra.nl\/?page_id=603"},"modified":"2023-02-02T08:55:14","modified_gmt":"2023-02-02T08:55:14","slug":"bleekaarde","status":"publish","type":"page","link":"https:\/\/www.profiltra.nl\/nl\/filtratie\/filterhulpstoffen\/bleekaarde\/","title":{"rendered":"BLEEKAARDE"},"content":{"rendered":"<section class=\"l-section wpb_row height_small\"><div class=\"l-section-h i-cf\"><div class=\"g-cols vc_row type_default valign_top\"><div class=\"vc_col-sm-12 wpb_column vc_column_container\"><div class=\"vc_column-inner\"><div class=\"wpb_wrapper\">\r\n\t<div class=\"wpb_text_column  pagetitle\">\r\n\t\t<div class=\"wpb_wrapper\">\r\n\t\t\t<h1>BLEEKAARDE<\/h1>\n\r\n\t\t<\/div>\r\n\t<\/div>\r\n<\/div><\/div><\/div><\/div><\/div><\/section><section class=\"l-section wpb_row height_auto\"><div class=\"l-section-h i-cf\"><div class=\"g-cols vc_row type_default valign_top\"><div class=\"vc_col-sm-3 wpb_column vc_column_container square-img\"><div class=\"vc_column-inner\"><div class=\"wpb_wrapper\"><\/div><\/div><\/div><div class=\"vc_col-sm-9 wpb_column vc_column_container\"><div class=\"vc_column-inner\"><div class=\"wpb_wrapper\">[vc_widget_sidebar sidebar_id=&#8221;us_widget_area_filtratie_specialist&#8221; el_class=&#8221;specialist&#8221;]<\/div><\/div><\/div><\/div><\/div><\/section><section class=\"l-section wpb_row height_medium\"><div class=\"l-section-h i-cf\"><div class=\"g-cols vc_row type_default valign_top\"><div class=\"vc_col-sm-8 wpb_column vc_column_container\"><div class=\"vc_column-inner\"><div class=\"wpb_wrapper\">\r\n\t<div class=\"wpb_text_column \">\r\n\t\t<div class=\"wpb_wrapper\">\r\n\t\t\t<div class=\"container clearfix\">\n<div class=\"section-title clearfix small text-left \">\n<div class=\"excerpt\">\n<p><strong>Profiltra Bleekaarde voor een kostenbesparende, effici\u00ebnte en snelle ontkleuring van oli\u00ebn<\/strong><\/p>\n<p>Ontkleuring is een belangrijk onderdeel bij de raffinage van diverse soorten oli\u00ebn. <strong>Met Profiltra bleekaarde gebeurt dit kostenbesparend, effici\u00ebnt en snel.<\/strong> De Rafinol 920 en 930 FF behoren tot een nieuwe generatie zuur geactiveerde bleekaarde. Beide types laten uitstekende bleekprestaties zien voor alle soorten moeilijk te bleken oli\u00ebn en verminderen het bleekaardeverbruik aanzienlijk.<\/p>\n<p>Kenmerken van onze bleekaarde:<\/p>\n<ul>\n<li>Zeer krachtige bleekaarde<\/li>\n<li>Geschikt voor alle soorten oli\u00ebn<\/li>\n<li>Uitstekende kleuradsorptie<\/li>\n<li>Uitstekende chlorofyl adsorptie<\/li>\n<li>Zeer laag effect op FFA-toename<\/li>\n<li>Toont goede filtratieprestaties<\/li>\n<\/ul>\n<p>Voordelen:<\/p>\n<ul>\n<li>Minder verbruik van bleekaarde<\/li>\n<li>Lage productiekosten<\/li>\n<li>Minder olieverlies<\/li>\n<li>Lage verwijderingskosten van gebruikte bleekaarde<\/li>\n<\/ul>\n<p>Meer informatie? Neem contact op met onze afdeling Liquid Filtration Solutions:<\/p>\n<p>Telefonisch: \u00a0036 549 53 02 of per mail: filtratie@profiltra.com.<\/p>\n<p>&nbsp;<\/p>\n<\/div>\n<\/div>\n<\/div>\n\r\n\t\t<\/div>\r\n\t<\/div>\r\n<\/div><\/div><\/div><div class=\"vc_col-sm-4 wpb_column vc_column_container\"><div class=\"vc_column-inner\"><div class=\"wpb_wrapper\"><\/div><\/div><\/div><\/div><\/div><\/section><section class=\"l-section wpb_row height_medium with_overlay\"><div class=\"l-section-overlay\" style=\"background-color: #fff1e2\"><\/div><div class=\"l-section-h i-cf\"><div class=\"g-cols vc_row type_default valign_top\"><div class=\"vc_col-sm-12 wpb_column vc_column_container\"><div class=\"vc_column-inner\"><div class=\"wpb_wrapper\">\r\n\t<div class=\"wpb_text_column  pagetitle\">\r\n\t\t<div class=\"wpb_wrapper\">\r\n\t\t\t<h3>TOEPASSINGEN:<\/h3>\n\r\n\t\t<\/div>\r\n\t<\/div>\r\n<a href=\"https:\/\/www.profiltra.nl\/nl\/voedingsmiddelenendranken\/\"><div class=\"vc_col-sm-4 wpb_column toepassing-block toepassing\"><img decoding=\"async\" src=\"https:\/\/www.profiltra.nl\/wp-content\/uploads\/2018\/07\/Toepassing-Dranken-en-voedingsmiddelen-300x300.jpg\"><p>Voedingsmiddelen en dranken<\/p><\/div><\/a>\r\n\t<div class=\"wpb_text_column \">\r\n\t\t<div class=\"wpb_wrapper\">\r\n\t\t\t\n\r\n\t\t<\/div>\r\n\t<\/div>\r\n[vc_raw_html]JTNDJTIxLS0lMEFDaGVtaWUlMjAlM0QlMjAzNzklMEFGYXJtYWNpZSUyMCUzRCUyMDM4MiUwQVZvZWRpbmdzbWlkZGVsZW4lMjBlbiUyMGRyYW5rZW4lMjAlM0QlMjAzODUlMEFJbmt0JTJDJTIwdmVyZiUyQyUyMGhhcnMlMjBlbiUyMGxpam0lMjAlM0QlMjAzODglMEFXYXRlcmJlaGFuZGVsaW5nZW4lMjAlM0QlMjAzOTYlMEFPbGllJTJDJTIwZ2FzJTIwZW4lMjBlbmVyZ2llJTIwJTNEJTIwNDAzJTBBU3RhYWwlMkMlMjBhbHVtaW51bSUyQyUyMGdsYXMlMjBlbiUyMGtlcmFtaWVrJTIwJTNEJTIwNDEyJTBBTWFjaGluZS0lMjBlbiUyMGFwcGFyYXRlbmJvdXclMjAlM0QlMjA0MTUlMEFPdmVyaWdlJTIwaW5kdXN0cmklQzMlQUJsZSUyMHRvZXBhc3NpbmdlbiUyMCUzRCUyMDQxOCUwQS0tJTNF[\/vc_raw_html]<\/div><\/div><\/div><\/div><\/div><\/section>\n","protected":false},"excerpt":{"rendered":"BLEEKAARDE [vc_widget_sidebar sidebar_id=\"us_widget_area_filtratie_specialist\" el_class=\"specialist\"] Profiltra Bleekaarde voor een kostenbesparende, effici\u00ebnte en snelle ontkleuring van oli\u00ebn Ontkleuring is een belangrijk onderdeel bij de raffinage van diverse soorten oli\u00ebn. Met Profiltra bleekaarde gebeurt dit kostenbesparend, effici\u00ebnt en snel. De Rafinol 920 en 930 FF behoren tot een nieuwe generatie zuur geactiveerde bleekaarde. Beide types laten uitstekende bleekprestaties...","protected":false},"author":2,"featured_media":0,"parent":123,"menu_order":0,"comment_status":"closed","ping_status":"closed","template":"","meta":{"om_disable_all_campaigns":false,"_monsterinsights_skip_tracking":false,"_monsterinsights_sitenote_active":false,"_monsterinsights_sitenote_note":"","_monsterinsights_sitenote_category":0,"_uf_show_specific_survey":0,"_uf_disable_surveys":false,"footnotes":""},"yst_prominent_words":[1028,1058,31,327],"class_list":["post-603","page","type-page","status-publish","hentry"],"aioseo_notices":[],"_links":{"self":[{"href":"https:\/\/www.profiltra.nl\/nl\/wp-json\/wp\/v2\/pages\/603\/"}],"collection":[{"href":"https:\/\/www.profiltra.nl\/nl\/wp-json\/wp\/v2\/pages\/"}],"about":[{"href":"https:\/\/www.profiltra.nl\/nl\/wp-json\/wp\/v2\/types\/page\/"}],"author":[{"embeddable":true,"href":"https:\/\/www.profiltra.nl\/nl\/wp-json\/wp\/v2\/users\/2\/"}],"replies":[{"embeddable":true,"href":"https:\/\/www.profiltra.nl\/nl\/wp-json\/wp\/v2\/comments\/?post=603"}],"version-history":[{"count":17,"href":"https:\/\/www.profiltra.nl\/nl\/wp-json\/wp\/v2\/pages\/603\/revisions\/"}],"predecessor-version":[{"id":4413,"href":"https:\/\/www.profiltra.nl\/nl\/wp-json\/wp\/v2\/pages\/603\/revisions\/4413\/"}],"up":[{"embeddable":true,"href":"https:\/\/www.profiltra.nl\/nl\/wp-json\/wp\/v2\/pages\/123\/"}],"wp:attachment":[{"href":"https:\/\/www.profiltra.nl\/nl\/wp-json\/wp\/v2\/media\/?parent=603"}],"wp:term":[{"taxonomy":"yst_prominent_words","embeddable":true,"href":"https:\/\/www.profiltra.nl\/nl\/wp-json\/wp\/v2\/yst_prominent_words\/?post=603"}],"curies":[{"name":"wp","href":"https:\/\/api.w.org\/{rel}","templated":true}]}}